{"id":5273,"date":"2022-05-04T09:30:41","date_gmt":"2022-05-04T09:30:41","guid":{"rendered":"https:\/\/paresbalta.com\/shop\/uncategorized\/blanc-de-pacs\/"},"modified":"2025-01-22T09:46:27","modified_gmt":"2025-01-22T08:46:27","slug":"blanc-de-pacs","status":"publish","type":"product","link":"https:\/\/paresbalta.stg.uzero.cat\/en\/shop\/organic-biodynamic-wine\/origen-young-vegan-friendly-wine\/blanc-de-pacs\/","title":{"rendered":"Blanc de Pacs"},"content":{"rendered":"","protected":false},"excerpt":{"rendered":"<p>Coupage de las tres variedades tradicionales del Pened\u00e9s: Xarel\u00b7lo, Parellada y Macabeo. Tres variedades cultivadas especialmente para elaborar un vino blanco que presume por su intensa carga arom\u00e1tica y del frescor de sus notas florales y frutales.<\/p>\n<p>El xarel\u00b7lo proporciona el cuerpo, el macabeo la fruta y la parellada el frescor delicado de sus notas florales procedentes de las monta\u00f1as m\u00e1s altas del Pened\u00e9s&#8230;.<\/p>\n<p><a class=\"btn btn-secondary understrap-read-more-link\" href=\"https:\/\/paresbalta.stg.uzero.cat\/en\/shop\/organic-biodynamic-wine\/origen-young-vegan-friendly-wine\/blanc-de-pacs\/\">Read More&#8230;<span class=\"screen-reader-text\"> from Blanc de Pacs<\/span><\/a><\/p>\n","protected":false},"featured_media":143969,"template":"","meta":{"_acf_changed":false},"product_brand":[],"product_cat":[458,590],"product_tag":[360],"class_list":{"0":"post-5273","1":"product","2":"type-product","3":"status-publish","4":"has-post-thumbnail","6":"product_cat-origen-young-vegan-friendly-wine","7":"product_cat-bottles","8":"product_tag-vinos-en","9":"product_shipping_class-std","10":"pa_anyada-anyada-2024-eng","11":"pa_color-blanc-es-en","12":"pa_denominacio-dorigen-penedes-en","13":"pa_mida-075l-es-en","15":"first","16":"instock","17":"taxable","18":"shipping-taxable","19":"purchasable","20":"product-type-simple"},"group_of_quantity":6,"min_quantity":0,"max_quantity":"","exclude_order_quantity_value_rules":"no","exclude_category_quantity_rules":"no","combine_variations":"no","exclude_global_add_ons":[],"addons":[],"acf":[],"_links":{"self":[{"href":"https:\/\/paresbalta.stg.uzero.cat\/en\/wp-json\/wp\/v2\/product\/5273","targetHints":{"allow":["GET"]}}],"collection":[{"href":"https:\/\/paresbalta.stg.uzero.cat\/en\/wp-json\/wp\/v2\/product"}],"about":[{"href":"https:\/\/paresbalta.stg.uzero.cat\/en\/wp-json\/wp\/v2\/types\/product"}],"wp:featuredmedia":[{"embeddable":true,"href":"https:\/\/paresbalta.stg.uzero.cat\/en\/wp-json\/wp\/v2\/media\/143969"}],"wp:attachment":[{"href":"https:\/\/paresbalta.stg.uzero.cat\/en\/wp-json\/wp\/v2\/media?parent=5273"}],"wp:term":[{"taxonomy":"product_brand","embeddable":true,"href":"https:\/\/paresbalta.stg.uzero.cat\/en\/wp-json\/wp\/v2\/product_brand?post=5273"},{"taxonomy":"product_cat","embeddable":true,"href":"https:\/\/paresbalta.stg.uzero.cat\/en\/wp-json\/wp\/v2\/product_cat?post=5273"},{"taxonomy":"product_tag","embeddable":true,"href":"https:\/\/paresbalta.stg.uzero.cat\/en\/wp-json\/wp\/v2\/product_tag?post=5273"}],"curies":[{"name":"wp","href":"https:\/\/api.w.org\/{rel}","templated":true}]}}