{"id":62528,"date":"2023-05-30T08:16:36","date_gmt":"2023-05-30T06:16:37","guid":{"rendered":"https:\/\/paresbalta.com\/?post_type=product&#038;p=62528"},"modified":"2023-07-21T13:01:25","modified_gmt":"2023-07-21T11:01:25","slug":"cava-historic","status":"publish","type":"product","link":"https:\/\/paresbalta.stg.uzero.cat\/ca\/botiga\/vi-ecologic-biodinamic\/cava-escumos\/cava-historic\/","title":{"rendered":"Cava Hist\u00f2ric"},"content":{"rendered":"","protected":false},"excerpt":{"rendered":"<p>Un cava contemporani, on la fruita i la frescor dels caves m\u00e9s cl\u00e0ssics es mant\u00e9, per\u00f2 on el cos del Xarel.lo guanya protagonisme, i la complexitat arom\u00e0tica augmenta.<\/p>\n<p>Cupatge de les tres varietats tradicionals del Pened\u00e8s amb un plantejament diferent: Xarel.lo, Macabeu i Parellada&#8230;.<\/p>\n<p><a class=\"btn btn-secondary understrap-read-more-link\" href=\"https:\/\/paresbalta.stg.uzero.cat\/ca\/botiga\/vi-ecologic-biodinamic\/cava-escumos\/cava-historic\/\">Llegeix m\u00e9s<span class=\"screen-reader-text\"> from Cava Hist\u00f2ric<\/span><\/a><\/p>\n","protected":false},"featured_media":62508,"template":"","meta":{"_acf_changed":false},"product_brand":[],"product_cat":[443,589],"product_tag":[444],"class_list":{"0":"post-62528","1":"product","2":"type-product","3":"status-publish","4":"has-post-thumbnail","6":"product_cat-cava-escumos","7":"product_cat-ampolles","8":"product_tag-cavas-y-espumosos-ca","9":"product_shipping_class-std","10":"pa_anyada-2018-2-ca","11":"pa_color-blanc-es-ca","12":"pa_denominacio-dorigen-do-cava-ca","13":"pa_mida-075l-es-ca","15":"first","16":"instock","17":"taxable","18":"shipping-taxable","19":"purchasable","20":"product-type-simple"},"group_of_quantity":6,"min_quantity":0,"max_quantity":"","exclude_order_quantity_value_rules":"no","exclude_category_quantity_rules":"no","combine_variations":"no","exclude_global_add_ons":[],"addons":[],"acf":[],"_links":{"self":[{"href":"https:\/\/paresbalta.stg.uzero.cat\/ca\/wp-json\/wp\/v2\/product\/62528","targetHints":{"allow":["GET"]}}],"collection":[{"href":"https:\/\/paresbalta.stg.uzero.cat\/ca\/wp-json\/wp\/v2\/product"}],"about":[{"href":"https:\/\/paresbalta.stg.uzero.cat\/ca\/wp-json\/wp\/v2\/types\/product"}],"wp:featuredmedia":[{"embeddable":true,"href":"https:\/\/paresbalta.stg.uzero.cat\/ca\/wp-json\/wp\/v2\/media\/62508"}],"wp:attachment":[{"href":"https:\/\/paresbalta.stg.uzero.cat\/ca\/wp-json\/wp\/v2\/media?parent=62528"}],"wp:term":[{"taxonomy":"product_brand","embeddable":true,"href":"https:\/\/paresbalta.stg.uzero.cat\/ca\/wp-json\/wp\/v2\/product_brand?post=62528"},{"taxonomy":"product_cat","embeddable":true,"href":"https:\/\/paresbalta.stg.uzero.cat\/ca\/wp-json\/wp\/v2\/product_cat?post=62528"},{"taxonomy":"product_tag","embeddable":true,"href":"https:\/\/paresbalta.stg.uzero.cat\/ca\/wp-json\/wp\/v2\/product_tag?post=62528"}],"curies":[{"name":"wp","href":"https:\/\/api.w.org\/{rel}","templated":true}]}}