{"id":5286,"date":"2022-04-28T11:06:59","date_gmt":"2022-04-28T11:06:59","guid":{"rendered":"https:\/\/paresbalta.com\/shop\/Sense%20categoria\/brut-nature-reserva\/"},"modified":"2022-07-05T14:16:03","modified_gmt":"2022-07-05T12:16:03","slug":"brut-nature-reserva","status":"publish","type":"product","link":"https:\/\/paresbalta.stg.uzero.cat\/ca\/botiga\/vi-ecologic-biodinamic\/cava-escumos\/brut-nature-reserva\/","title":{"rendered":"Cava Brut Nature"},"content":{"rendered":"","protected":false},"excerpt":{"rendered":"<p>Un cava contemporani, on la fruita i la frescor dels caves m\u00e9s cl\u00e0ssics es mant\u00e9, per\u00f2 on el cos del Xarel.lo guanya protagonisme, i la complexitat arom\u00e0tica augmenta.<\/p>\n<p>Cupatge de les tres varietats tradicionals del Pened\u00e8s amb un plantejament diferent: Xarel.lo, Macabeu i Parellada&#8230;.<\/p>\n<p><a class=\"btn btn-secondary understrap-read-more-link\" href=\"https:\/\/paresbalta.stg.uzero.cat\/ca\/botiga\/vi-ecologic-biodinamic\/cava-escumos\/brut-nature-reserva\/\">Llegeix m\u00e9s<span class=\"screen-reader-text\"> from Cava Brut Nature<\/span><\/a><\/p>\n","protected":false},"featured_media":5287,"template":"","meta":{"_acf_changed":false},"product_brand":[],"product_cat":[443,589],"product_tag":[444],"class_list":{"0":"post-5286","1":"product","2":"type-product","3":"status-publish","4":"has-post-thumbnail","6":"product_cat-cava-escumos","7":"product_cat-ampolles","8":"product_tag-cavas-y-espumosos-ca","9":"product_shipping_class-std","10":"pa_color-blanc-es-ca","11":"pa_denominacio-dorigen-do-cava-ca","12":"pa_mida-075l-es-ca","14":"first","15":"instock","16":"taxable","17":"shipping-taxable","18":"purchasable","19":"product-type-simple"},"group_of_quantity":6,"min_quantity":0,"max_quantity":"","exclude_order_quantity_value_rules":"no","exclude_category_quantity_rules":"no","combine_variations":"no","exclude_global_add_ons":[],"addons":[],"acf":[],"_links":{"self":[{"href":"https:\/\/paresbalta.stg.uzero.cat\/ca\/wp-json\/wp\/v2\/product\/5286","targetHints":{"allow":["GET"]}}],"collection":[{"href":"https:\/\/paresbalta.stg.uzero.cat\/ca\/wp-json\/wp\/v2\/product"}],"about":[{"href":"https:\/\/paresbalta.stg.uzero.cat\/ca\/wp-json\/wp\/v2\/types\/product"}],"wp:featuredmedia":[{"embeddable":true,"href":"https:\/\/paresbalta.stg.uzero.cat\/ca\/wp-json\/wp\/v2\/media\/5287"}],"wp:attachment":[{"href":"https:\/\/paresbalta.stg.uzero.cat\/ca\/wp-json\/wp\/v2\/media?parent=5286"}],"wp:term":[{"taxonomy":"product_brand","embeddable":true,"href":"https:\/\/paresbalta.stg.uzero.cat\/ca\/wp-json\/wp\/v2\/product_brand?post=5286"},{"taxonomy":"product_cat","embeddable":true,"href":"https:\/\/paresbalta.stg.uzero.cat\/ca\/wp-json\/wp\/v2\/product_cat?post=5286"},{"taxonomy":"product_tag","embeddable":true,"href":"https:\/\/paresbalta.stg.uzero.cat\/ca\/wp-json\/wp\/v2\/product_tag?post=5286"}],"curies":[{"name":"wp","href":"https:\/\/api.w.org\/{rel}","templated":true}]}}