{"id":5284,"date":"2022-04-29T07:41:28","date_gmt":"2022-04-29T07:41:28","guid":{"rendered":"https:\/\/paresbalta.com\/shop\/Sense%20categoria\/cosmic-xarello\/"},"modified":"2025-01-28T13:54:23","modified_gmt":"2025-01-28T12:54:23","slug":"cosmic-xarello","status":"publish","type":"product","link":"https:\/\/paresbalta.stg.uzero.cat\/ca\/botiga\/vi-ecologic-biodinamic\/revolution-vi-vega\/cosmic-xarello\/","title":{"rendered":"Cosmic"},"content":{"rendered":"","protected":false},"excerpt":{"rendered":"<p>A tocar del cel, el cim de les muntanyes m\u00e9s altes del Pened\u00e8s, creix el ra\u00efm de Xarel.lo i Sauvignon Blanc m\u00e9s fresc i perfumat.<\/p>\n<p>Cosmic, un xarel.lo amb un punt m\u00e9s&#8230;&#8230;<\/p>\n<p><a class=\"btn btn-secondary understrap-read-more-link\" href=\"https:\/\/paresbalta.stg.uzero.cat\/ca\/botiga\/vi-ecologic-biodinamic\/revolution-vi-vega\/cosmic-xarello\/\">Llegeix m\u00e9s<span class=\"screen-reader-text\"> from Cosmic<\/span><\/a><\/p>\n","protected":false},"featured_media":1646,"template":"","meta":{"_acf_changed":false},"product_brand":[],"product_cat":[439,589],"product_tag":[350],"class_list":{"0":"post-5284","1":"product","2":"type-product","3":"status-publish","4":"has-post-thumbnail","6":"product_cat-revolution-vi-vega","7":"product_cat-ampolles","8":"product_tag-vinos-ca","9":"product_shipping_class-std","10":"pa_anyada-anyada-2024-cat","11":"pa_color-blanc-es-ca","12":"pa_denominacio-dorigen-penedes-ca","13":"pa_mida-075l-es-ca","15":"first","16":"instock","17":"taxable","18":"shipping-taxable","19":"purchasable","20":"product-type-simple"},"group_of_quantity":6,"min_quantity":0,"max_quantity":"","exclude_order_quantity_value_rules":"no","exclude_category_quantity_rules":"no","combine_variations":"no","exclude_global_add_ons":[],"addons":[],"acf":[],"_links":{"self":[{"href":"https:\/\/paresbalta.stg.uzero.cat\/ca\/wp-json\/wp\/v2\/product\/5284","targetHints":{"allow":["GET"]}}],"collection":[{"href":"https:\/\/paresbalta.stg.uzero.cat\/ca\/wp-json\/wp\/v2\/product"}],"about":[{"href":"https:\/\/paresbalta.stg.uzero.cat\/ca\/wp-json\/wp\/v2\/types\/product"}],"wp:featuredmedia":[{"embeddable":true,"href":"https:\/\/paresbalta.stg.uzero.cat\/ca\/wp-json\/wp\/v2\/media\/1646"}],"wp:attachment":[{"href":"https:\/\/paresbalta.stg.uzero.cat\/ca\/wp-json\/wp\/v2\/media?parent=5284"}],"wp:term":[{"taxonomy":"product_brand","embeddable":true,"href":"https:\/\/paresbalta.stg.uzero.cat\/ca\/wp-json\/wp\/v2\/product_brand?post=5284"},{"taxonomy":"product_cat","embeddable":true,"href":"https:\/\/paresbalta.stg.uzero.cat\/ca\/wp-json\/wp\/v2\/product_cat?post=5284"},{"taxonomy":"product_tag","embeddable":true,"href":"https:\/\/paresbalta.stg.uzero.cat\/ca\/wp-json\/wp\/v2\/product_tag?post=5284"}],"curies":[{"name":"wp","href":"https:\/\/api.w.org\/{rel}","templated":true}]}}