{"id":5264,"date":"2022-05-04T10:49:10","date_gmt":"2022-05-04T10:49:10","guid":{"rendered":"https:\/\/paresbalta.com\/shop\/Sense%20categoria\/vino-rosado-indigena-garnacha\/"},"modified":"2023-04-14T10:55:44","modified_gmt":"2023-04-14T08:55:44","slug":"indigena-vi-rosat-garnatxa","status":"publish","type":"product","link":"https:\/\/paresbalta.stg.uzero.cat\/ca\/botiga\/vi-ecologic-biodinamic\/revolution-vi-vega\/indigena-vi-rosat-garnatxa\/","title":{"rendered":"Indigena rosat"},"content":{"rendered":"","protected":false},"excerpt":{"rendered":"<p>La frescor de les muntanyes del Foix i una lleu maceraci\u00f3 dels ra\u00efms madurs de garnatxa s\u00f3n la clau d&#8217;aquest vi rosat ecol\u00f2gic tan especial, suau, viu i elegant.<\/p>\n<p>La pal.lidesa del color contrasta amb la densitat de la fruita al nas i la boca&#8230;.<\/p>\n<p><a class=\"btn btn-secondary understrap-read-more-link\" href=\"https:\/\/paresbalta.stg.uzero.cat\/ca\/botiga\/vi-ecologic-biodinamic\/revolution-vi-vega\/indigena-vi-rosat-garnatxa\/\">Llegeix m\u00e9s<span class=\"screen-reader-text\"> from Indigena rosat<\/span><\/a><\/p>\n","protected":false},"featured_media":2027,"template":"","meta":{"_acf_changed":false},"product_brand":[],"product_cat":[439,589],"product_tag":[350],"class_list":{"0":"post-5264","1":"product","2":"type-product","3":"status-publish","4":"has-post-thumbnail","6":"product_cat-revolution-vi-vega","7":"product_cat-ampolles","8":"product_tag-vinos-ca","9":"product_shipping_class-std","10":"pa_anyada-2022-2-ca","11":"pa_color-rosat-es-ca","12":"pa_denominacio-dorigen-penedes-ca","13":"pa_mida-075l-es-ca","15":"first","16":"instock","17":"taxable","18":"shipping-taxable","19":"purchasable","20":"product-type-simple"},"group_of_quantity":6,"min_quantity":0,"max_quantity":"","exclude_order_quantity_value_rules":"no","exclude_category_quantity_rules":"no","combine_variations":"no","exclude_global_add_ons":[],"addons":[],"acf":[],"_links":{"self":[{"href":"https:\/\/paresbalta.stg.uzero.cat\/ca\/wp-json\/wp\/v2\/product\/5264","targetHints":{"allow":["GET"]}}],"collection":[{"href":"https:\/\/paresbalta.stg.uzero.cat\/ca\/wp-json\/wp\/v2\/product"}],"about":[{"href":"https:\/\/paresbalta.stg.uzero.cat\/ca\/wp-json\/wp\/v2\/types\/product"}],"wp:featuredmedia":[{"embeddable":true,"href":"https:\/\/paresbalta.stg.uzero.cat\/ca\/wp-json\/wp\/v2\/media\/2027"}],"wp:attachment":[{"href":"https:\/\/paresbalta.stg.uzero.cat\/ca\/wp-json\/wp\/v2\/media?parent=5264"}],"wp:term":[{"taxonomy":"product_brand","embeddable":true,"href":"https:\/\/paresbalta.stg.uzero.cat\/ca\/wp-json\/wp\/v2\/product_brand?post=5264"},{"taxonomy":"product_cat","embeddable":true,"href":"https:\/\/paresbalta.stg.uzero.cat\/ca\/wp-json\/wp\/v2\/product_cat?post=5264"},{"taxonomy":"product_tag","embeddable":true,"href":"https:\/\/paresbalta.stg.uzero.cat\/ca\/wp-json\/wp\/v2\/product_tag?post=5264"}],"curies":[{"name":"wp","href":"https:\/\/api.w.org\/{rel}","templated":true}]}}