{"id":5246,"date":"2022-05-06T09:26:52","date_gmt":"2022-05-06T09:26:52","guid":{"rendered":"https:\/\/paresbalta.com\/shop\/Sense%20categoria\/espigol-malvasia-de-sitges\/"},"modified":"2024-11-25T12:06:17","modified_gmt":"2024-11-25T11:06:17","slug":"espigol-vi-blanc-malvasia-de-sitges","status":"publish","type":"product","link":"https:\/\/paresbalta.stg.uzero.cat\/ca\/botiga\/vi-ecologic-biodinamic\/revolution-vi-vega\/espigol-vi-blanc-malvasia-de-sitges\/","title":{"rendered":"Esp\u00edgol"},"content":{"rendered":"","protected":false},"excerpt":{"rendered":"<p>Aromes del Mediterrani.<\/p>\n<p>Volta a l&#8217;autenticitat del territori, les varietats ancestrals dels avis, que ens delectaven amb les aromes prim\u00e0ries de les vinyes del Garraf, Malvasia de Sitges, i ara tamb\u00e9 dels Alts d&#8217;Ancosa, Alt Pened\u00e8s.<br \/>\nUn vi ecol\u00f2gic i refrescant amb aromes florals i fruites a dojo.<\/p>\n<h4><strong><span style=\"color: #ff0000;\">Fora d&#8217;estoc<\/span><\/strong><\/h4>\n<p>&#8230;<\/p>\n<p><a class=\"btn btn-secondary understrap-read-more-link\" href=\"https:\/\/paresbalta.stg.uzero.cat\/ca\/botiga\/vi-ecologic-biodinamic\/revolution-vi-vega\/espigol-vi-blanc-malvasia-de-sitges\/\">Llegeix m\u00e9s<span class=\"screen-reader-text\"> from Esp\u00edgol<\/span><\/a><\/p>\n","protected":false},"featured_media":2141,"template":"","meta":{"_acf_changed":false},"product_brand":[],"product_cat":[439,589],"product_tag":[350],"class_list":{"0":"post-5246","1":"product","2":"type-product","3":"status-publish","4":"has-post-thumbnail","6":"product_cat-revolution-vi-vega","7":"product_cat-ampolles","8":"product_tag-vinos-ca","9":"product_shipping_class-std","10":"pa_anyada-anyada-2023-es-ca","11":"pa_color-blanc-es-ca","12":"pa_denominacio-dorigen-penedes-ca","13":"pa_mida-075l-es-ca","15":"first","16":"instock","17":"taxable","18":"shipping-taxable","19":"purchasable","20":"product-type-simple"},"group_of_quantity":6,"min_quantity":0,"max_quantity":"","exclude_order_quantity_value_rules":"no","exclude_category_quantity_rules":"no","combine_variations":"no","exclude_global_add_ons":[],"addons":[],"acf":[],"_links":{"self":[{"href":"https:\/\/paresbalta.stg.uzero.cat\/ca\/wp-json\/wp\/v2\/product\/5246","targetHints":{"allow":["GET"]}}],"collection":[{"href":"https:\/\/paresbalta.stg.uzero.cat\/ca\/wp-json\/wp\/v2\/product"}],"about":[{"href":"https:\/\/paresbalta.stg.uzero.cat\/ca\/wp-json\/wp\/v2\/types\/product"}],"wp:featuredmedia":[{"embeddable":true,"href":"https:\/\/paresbalta.stg.uzero.cat\/ca\/wp-json\/wp\/v2\/media\/2141"}],"wp:attachment":[{"href":"https:\/\/paresbalta.stg.uzero.cat\/ca\/wp-json\/wp\/v2\/media?parent=5246"}],"wp:term":[{"taxonomy":"product_brand","embeddable":true,"href":"https:\/\/paresbalta.stg.uzero.cat\/ca\/wp-json\/wp\/v2\/product_brand?post=5246"},{"taxonomy":"product_cat","embeddable":true,"href":"https:\/\/paresbalta.stg.uzero.cat\/ca\/wp-json\/wp\/v2\/product_cat?post=5246"},{"taxonomy":"product_tag","embeddable":true,"href":"https:\/\/paresbalta.stg.uzero.cat\/ca\/wp-json\/wp\/v2\/product_tag?post=5246"}],"curies":[{"name":"wp","href":"https:\/\/api.w.org\/{rel}","templated":true}]}}