{"id":5244,"date":"2022-05-06T09:36:36","date_gmt":"2022-05-06T09:36:36","guid":{"rendered":"https:\/\/paresbalta.com\/shop\/Sense%20categoria\/ginesta\/"},"modified":"2024-11-25T12:05:38","modified_gmt":"2024-11-25T11:05:38","slug":"ginesta","status":"publish","type":"product","link":"https:\/\/paresbalta.stg.uzero.cat\/ca\/botiga\/vi-ecologic-biodinamic\/microcuvee-vi-de-finca\/ginesta\/","title":{"rendered":"Ginesta"},"content":{"rendered":"","protected":false},"excerpt":{"rendered":"<h2>Microcuv\u00e9e<\/h2>\n<p>El microclima de les muntanyes m\u00e9s altes del Pened\u00e8s, ens permet portar fins a la copa tot el potencial arom\u00e0tic d&#8217;aquesta gran varietat, al mateix temps que el sol del Pened\u00e8s aconsegueix que el ra\u00efm maduri plenament per assolir un paladar ple i suau.<\/p>\n<p>Els cims m\u00e9s alts del Pened\u00e8s, on brollen les fonts que nodreixen el Foix, s\u00f3n les mares de Ginesta; un vi que omple la boca dels misteris dels cingles i les gorges on viuen les dones d&#8217;aigua de les nostres llegendes&#8230;.<\/p>\n<p><a class=\"btn btn-secondary understrap-read-more-link\" href=\"https:\/\/paresbalta.stg.uzero.cat\/ca\/botiga\/vi-ecologic-biodinamic\/microcuvee-vi-de-finca\/ginesta\/\">Llegeix m\u00e9s<span class=\"screen-reader-text\"> from Ginesta<\/span><\/a><\/p>\n","protected":false},"featured_media":2148,"template":"","meta":{"_acf_changed":false},"product_brand":[],"product_cat":[425,589],"product_tag":[350],"class_list":{"0":"post-5244","1":"product","2":"type-product","3":"status-publish","4":"has-post-thumbnail","6":"product_cat-microcuvee-vi-de-finca","7":"product_cat-ampolles","8":"product_tag-vinos-ca","9":"product_shipping_class-std","10":"pa_anyada-anyada-2023-es-ca","11":"pa_color-blanc-es-ca","12":"pa_denominacio-dorigen-penedes-ca","13":"pa_mida-075l-es-ca","15":"first","16":"instock","17":"taxable","18":"shipping-taxable","19":"purchasable","20":"product-type-simple"},"group_of_quantity":6,"min_quantity":0,"max_quantity":"","exclude_order_quantity_value_rules":"no","exclude_category_quantity_rules":"no","combine_variations":"no","exclude_global_add_ons":[],"addons":[],"acf":[],"_links":{"self":[{"href":"https:\/\/paresbalta.stg.uzero.cat\/ca\/wp-json\/wp\/v2\/product\/5244","targetHints":{"allow":["GET"]}}],"collection":[{"href":"https:\/\/paresbalta.stg.uzero.cat\/ca\/wp-json\/wp\/v2\/product"}],"about":[{"href":"https:\/\/paresbalta.stg.uzero.cat\/ca\/wp-json\/wp\/v2\/types\/product"}],"wp:featuredmedia":[{"embeddable":true,"href":"https:\/\/paresbalta.stg.uzero.cat\/ca\/wp-json\/wp\/v2\/media\/2148"}],"wp:attachment":[{"href":"https:\/\/paresbalta.stg.uzero.cat\/ca\/wp-json\/wp\/v2\/media?parent=5244"}],"wp:term":[{"taxonomy":"product_brand","embeddable":true,"href":"https:\/\/paresbalta.stg.uzero.cat\/ca\/wp-json\/wp\/v2\/product_brand?post=5244"},{"taxonomy":"product_cat","embeddable":true,"href":"https:\/\/paresbalta.stg.uzero.cat\/ca\/wp-json\/wp\/v2\/product_cat?post=5244"},{"taxonomy":"product_tag","embeddable":true,"href":"https:\/\/paresbalta.stg.uzero.cat\/ca\/wp-json\/wp\/v2\/product_tag?post=5244"}],"curies":[{"name":"wp","href":"https:\/\/api.w.org\/{rel}","templated":true}]}}