{"id":5242,"date":"2022-05-06T09:45:03","date_gmt":"2022-05-06T09:45:03","guid":{"rendered":"https:\/\/paresbalta.com\/shop\/Sense%20categoria\/satel-lit\/"},"modified":"2024-09-26T09:08:55","modified_gmt":"2024-09-26T07:08:55","slug":"satel-lit","status":"publish","type":"product","link":"https:\/\/paresbalta.stg.uzero.cat\/ca\/botiga\/vi-ecologic-biodinamic\/microcuvee-vi-de-finca\/satel-lit\/","title":{"rendered":"Sat\u00e8l.lit"},"content":{"rendered":"","protected":false},"excerpt":{"rendered":"<p>Textura i eleg\u00e0ncia en estat pur.<\/p>\n<p>El puntal d&#8217;aquest vi ecol\u00f2gic \u00e9s la melositat, l&#8217;expansi\u00f3 i la pres\u00e8ncia d&#8217;una textura deliciosa; singularitats que no deixen indiferent a ning\u00fa&#8230;.<\/p>\n<p><a class=\"btn btn-secondary understrap-read-more-link\" href=\"https:\/\/paresbalta.stg.uzero.cat\/ca\/botiga\/vi-ecologic-biodinamic\/microcuvee-vi-de-finca\/satel-lit\/\">Llegeix m\u00e9s<span class=\"screen-reader-text\"> from Sat\u00e8l.lit<\/span><\/a><\/p>\n","protected":false},"featured_media":275696,"template":"","meta":{"_acf_changed":false},"product_brand":[],"product_cat":[425,589],"product_tag":[350],"class_list":{"0":"post-5242","1":"product","2":"type-product","3":"status-publish","4":"has-post-thumbnail","6":"product_cat-microcuvee-vi-de-finca","7":"product_cat-ampolles","8":"product_tag-vinos-ca","9":"product_shipping_class-std","10":"pa_altres-caracteristiques-sense-sulfits-es-ca","11":"pa_anyada-2022-2-ca","12":"pa_color-blanc-es-ca","13":"pa_denominacio-dorigen-penedes-ca","14":"pa_mida-075l-es-ca","16":"first","17":"outofstock","18":"taxable","19":"shipping-taxable","20":"purchasable","21":"product-type-simple"},"group_of_quantity":6,"min_quantity":0,"max_quantity":"","exclude_order_quantity_value_rules":"no","exclude_category_quantity_rules":"no","combine_variations":"no","exclude_global_add_ons":[],"addons":[],"acf":[],"_links":{"self":[{"href":"https:\/\/paresbalta.stg.uzero.cat\/ca\/wp-json\/wp\/v2\/product\/5242","targetHints":{"allow":["GET"]}}],"collection":[{"href":"https:\/\/paresbalta.stg.uzero.cat\/ca\/wp-json\/wp\/v2\/product"}],"about":[{"href":"https:\/\/paresbalta.stg.uzero.cat\/ca\/wp-json\/wp\/v2\/types\/product"}],"wp:featuredmedia":[{"embeddable":true,"href":"https:\/\/paresbalta.stg.uzero.cat\/ca\/wp-json\/wp\/v2\/media\/275696"}],"wp:attachment":[{"href":"https:\/\/paresbalta.stg.uzero.cat\/ca\/wp-json\/wp\/v2\/media?parent=5242"}],"wp:term":[{"taxonomy":"product_brand","embeddable":true,"href":"https:\/\/paresbalta.stg.uzero.cat\/ca\/wp-json\/wp\/v2\/product_brand?post=5242"},{"taxonomy":"product_cat","embeddable":true,"href":"https:\/\/paresbalta.stg.uzero.cat\/ca\/wp-json\/wp\/v2\/product_cat?post=5242"},{"taxonomy":"product_tag","embeddable":true,"href":"https:\/\/paresbalta.stg.uzero.cat\/ca\/wp-json\/wp\/v2\/product_tag?post=5242"}],"curies":[{"name":"wp","href":"https:\/\/api.w.org\/{rel}","templated":true}]}}