{"id":5229,"date":"2022-05-06T13:57:31","date_gmt":"2022-05-06T13:57:31","guid":{"rendered":"https:\/\/paresbalta.com\/shop\/Sense%20categoria\/absis-vino-tinto-gran-reserva\/"},"modified":"2024-04-19T14:38:10","modified_gmt":"2024-04-19T12:38:10","slug":"absis-vi-de-guarda","status":"publish","type":"product","link":"https:\/\/paresbalta.stg.uzero.cat\/ca\/botiga\/vi-ecologic-biodinamic\/microcuvee-vi-de-finca\/absis-vi-de-guarda\/","title":{"rendered":"Absis"},"content":{"rendered":"<p><code><\/code><\/p>\n","protected":false},"excerpt":{"rendered":"<h2>Microcuv\u00e9e<\/h2>\n<p>Fet per perdurar en el temps, com les pedres de les esgl\u00e9sies rom\u00e0niques de l&#8217;absis de les quals pren el nom.<\/p>\n<p>El vi m\u00e9s muscular, concentrat, potent i gener\u00f3s de Par\u00e9s Balt\u00e0, com un brau atzabegenc&#8230;.<\/p>\n<p><a class=\"btn btn-secondary understrap-read-more-link\" href=\"https:\/\/paresbalta.stg.uzero.cat\/ca\/botiga\/vi-ecologic-biodinamic\/microcuvee-vi-de-finca\/absis-vi-de-guarda\/\">Llegeix m\u00e9s<span class=\"screen-reader-text\"> from Absis<\/span><\/a><\/p>\n","protected":false},"featured_media":2240,"template":"","meta":{"_acf_changed":false},"product_brand":[],"product_cat":[425,589],"product_tag":[350],"class_list":{"0":"post-5229","1":"product","2":"type-product","3":"status-publish","4":"has-post-thumbnail","6":"product_cat-microcuvee-vi-de-finca","7":"product_cat-ampolles","8":"product_tag-vinos-ca","9":"product_shipping_class-std","10":"pa_anyada-2019-3-ca","11":"pa_color-negre-es-ca","12":"pa_denominacio-dorigen-penedes-ca","13":"pa_mida-075l-es-ca","15":"first","16":"instock","17":"taxable","18":"shipping-taxable","19":"purchasable","20":"product-type-simple"},"group_of_quantity":6,"min_quantity":0,"max_quantity":"","exclude_order_quantity_value_rules":"no","exclude_category_quantity_rules":"no","combine_variations":"no","exclude_global_add_ons":[],"addons":[],"acf":[],"_links":{"self":[{"href":"https:\/\/paresbalta.stg.uzero.cat\/ca\/wp-json\/wp\/v2\/product\/5229","targetHints":{"allow":["GET"]}}],"collection":[{"href":"https:\/\/paresbalta.stg.uzero.cat\/ca\/wp-json\/wp\/v2\/product"}],"about":[{"href":"https:\/\/paresbalta.stg.uzero.cat\/ca\/wp-json\/wp\/v2\/types\/product"}],"wp:featuredmedia":[{"embeddable":true,"href":"https:\/\/paresbalta.stg.uzero.cat\/ca\/wp-json\/wp\/v2\/media\/2240"}],"wp:attachment":[{"href":"https:\/\/paresbalta.stg.uzero.cat\/ca\/wp-json\/wp\/v2\/media?parent=5229"}],"wp:term":[{"taxonomy":"product_brand","embeddable":true,"href":"https:\/\/paresbalta.stg.uzero.cat\/ca\/wp-json\/wp\/v2\/product_brand?post=5229"},{"taxonomy":"product_cat","embeddable":true,"href":"https:\/\/paresbalta.stg.uzero.cat\/ca\/wp-json\/wp\/v2\/product_cat?post=5229"},{"taxonomy":"product_tag","embeddable":true,"href":"https:\/\/paresbalta.stg.uzero.cat\/ca\/wp-json\/wp\/v2\/product_tag?post=5229"}],"curies":[{"name":"wp","href":"https:\/\/api.w.org\/{rel}","templated":true}]}}