{"id":5222,"date":"2022-05-06T14:06:20","date_gmt":"2022-05-06T14:06:20","guid":{"rendered":"https:\/\/paresbalta.com\/shop\/Sense%20categoria\/dominio-cusine-vino-guarda\/"},"modified":"2022-07-05T13:59:04","modified_gmt":"2022-07-05T11:59:04","slug":"dominio-cusine-vi-de-guarda","status":"publish","type":"product","link":"https:\/\/paresbalta.stg.uzero.cat\/ca\/botiga\/vi-ecologic-biodinamic\/microcuvee-vi-de-finca\/dominio-cusine-vi-de-guarda\/","title":{"rendered":"Dominio Cusin\u00e9"},"content":{"rendered":"","protected":false},"excerpt":{"rendered":"<h2>Microcuv\u00e9e<\/h2>\n<p>Atemporal, grandi\u00f3s, amb el car\u00e0cter d&#8217;un rei gener\u00f3s i poder\u00f3s.<\/p>\n<p>Creat pel gaudi \u00edntim de la seva grandesa, per ser assaborit sense presses, deixant que les hores passin i el plaer ens envaeixi.<\/p>\n<p>Un vi excepcional que nom\u00e9s pot apar\u00e8ixer en anyades excepcionals&#8230;.<\/p>\n<p><a class=\"btn btn-secondary understrap-read-more-link\" href=\"https:\/\/paresbalta.stg.uzero.cat\/ca\/botiga\/vi-ecologic-biodinamic\/microcuvee-vi-de-finca\/dominio-cusine-vi-de-guarda\/\">Llegeix m\u00e9s<span class=\"screen-reader-text\"> from Dominio Cusin\u00e9<\/span><\/a><\/p>\n","protected":false},"featured_media":2249,"template":"","meta":{"_acf_changed":false},"product_brand":[],"product_cat":[425,589],"product_tag":[350],"class_list":{"0":"post-5222","1":"product","2":"type-product","3":"status-publish","4":"has-post-thumbnail","6":"product_cat-microcuvee-vi-de-finca","7":"product_cat-ampolles","8":"product_tag-vinos-ca","9":"product_shipping_class-std","10":"pa_anyada-1996-ca","11":"pa_anyada-anyada-2003-es-ca","12":"pa_color-negre-es-ca","13":"pa_denominacio-dorigen-penedes-ca","14":"pa_mida-075l-es-ca","16":"first","17":"instock","18":"taxable","19":"shipping-taxable","20":"purchasable","21":"product-type-variable","22":"has-default-attributes"},"group_of_quantity":6,"min_quantity":0,"max_quantity":"","exclude_order_quantity_value_rules":"no","exclude_category_quantity_rules":"no","combine_variations":"no","exclude_global_add_ons":[],"addons":[],"acf":[],"_links":{"self":[{"href":"https:\/\/paresbalta.stg.uzero.cat\/ca\/wp-json\/wp\/v2\/product\/5222","targetHints":{"allow":["GET"]}}],"collection":[{"href":"https:\/\/paresbalta.stg.uzero.cat\/ca\/wp-json\/wp\/v2\/product"}],"about":[{"href":"https:\/\/paresbalta.stg.uzero.cat\/ca\/wp-json\/wp\/v2\/types\/product"}],"wp:featuredmedia":[{"embeddable":true,"href":"https:\/\/paresbalta.stg.uzero.cat\/ca\/wp-json\/wp\/v2\/media\/2249"}],"wp:attachment":[{"href":"https:\/\/paresbalta.stg.uzero.cat\/ca\/wp-json\/wp\/v2\/media?parent=5222"}],"wp:term":[{"taxonomy":"product_brand","embeddable":true,"href":"https:\/\/paresbalta.stg.uzero.cat\/ca\/wp-json\/wp\/v2\/product_brand?post=5222"},{"taxonomy":"product_cat","embeddable":true,"href":"https:\/\/paresbalta.stg.uzero.cat\/ca\/wp-json\/wp\/v2\/product_cat?post=5222"},{"taxonomy":"product_tag","embeddable":true,"href":"https:\/\/paresbalta.stg.uzero.cat\/ca\/wp-json\/wp\/v2\/product_tag?post=5222"}],"curies":[{"name":"wp","href":"https:\/\/api.w.org\/{rel}","templated":true}]}}