{"id":5220,"date":"2022-05-06T14:13:48","date_gmt":"2022-05-06T14:13:48","guid":{"rendered":"https:\/\/paresbalta.com\/shop\/Sense%20categoria\/vino-tinto-de-postre-music\/"},"modified":"2024-01-30T20:05:53","modified_gmt":"2024-01-30T19:05:53","slug":"music-negre-dolc-postre","status":"publish","type":"product","link":"https:\/\/paresbalta.stg.uzero.cat\/ca\/botiga\/vi-ecologic-biodinamic\/microcuvee-vi-de-finca\/music-negre-dolc-postre\/","title":{"rendered":"Music Negre"},"content":{"rendered":"","protected":false},"excerpt":{"rendered":"<h2>Microcuv\u00e9e<\/h2>\n<p>Un dol\u00e7 negre cl\u00e0ssic.<\/p>\n<p>Vam escollir les varietats de la Finca de La Torreta per la seva major exposici\u00f3 al sol, i en el mateix cop vam deixar assecar els grans de ra\u00efm, per aix\u00ed aconseguir una dol\u00e7or natural&#8230;.<\/p>\n<p><a class=\"btn btn-secondary understrap-read-more-link\" href=\"https:\/\/paresbalta.stg.uzero.cat\/ca\/botiga\/vi-ecologic-biodinamic\/microcuvee-vi-de-finca\/music-negre-dolc-postre\/\">Llegeix m\u00e9s<span class=\"screen-reader-text\"> from Music Negre<\/span><\/a><\/p>\n","protected":false},"featured_media":2257,"template":"","meta":{"_acf_changed":false},"product_brand":[],"product_cat":[425,589],"product_tag":[350,401],"class_list":{"0":"post-5220","1":"product","2":"type-product","3":"status-publish","4":"has-post-thumbnail","6":"product_cat-microcuvee-vi-de-finca","7":"product_cat-ampolles","8":"product_tag-vinos-ca","9":"product_tag-vinos-dulces-ca","10":"product_shipping_class-std","11":"pa_anyada-2018-2-ca","12":"pa_color-negre-es-ca","13":"pa_denominacio-dorigen-penedes-ca","14":"pa_mida-0375l-es-ca","16":"first","17":"instock","18":"taxable","19":"shipping-taxable","20":"purchasable","21":"product-type-simple"},"group_of_quantity":6,"min_quantity":0,"max_quantity":"","exclude_order_quantity_value_rules":"no","exclude_category_quantity_rules":"no","combine_variations":"no","exclude_global_add_ons":[],"addons":[],"acf":[],"_links":{"self":[{"href":"https:\/\/paresbalta.stg.uzero.cat\/ca\/wp-json\/wp\/v2\/product\/5220","targetHints":{"allow":["GET"]}}],"collection":[{"href":"https:\/\/paresbalta.stg.uzero.cat\/ca\/wp-json\/wp\/v2\/product"}],"about":[{"href":"https:\/\/paresbalta.stg.uzero.cat\/ca\/wp-json\/wp\/v2\/types\/product"}],"wp:featuredmedia":[{"embeddable":true,"href":"https:\/\/paresbalta.stg.uzero.cat\/ca\/wp-json\/wp\/v2\/media\/2257"}],"wp:attachment":[{"href":"https:\/\/paresbalta.stg.uzero.cat\/ca\/wp-json\/wp\/v2\/media?parent=5220"}],"wp:term":[{"taxonomy":"product_brand","embeddable":true,"href":"https:\/\/paresbalta.stg.uzero.cat\/ca\/wp-json\/wp\/v2\/product_brand?post=5220"},{"taxonomy":"product_cat","embeddable":true,"href":"https:\/\/paresbalta.stg.uzero.cat\/ca\/wp-json\/wp\/v2\/product_cat?post=5220"},{"taxonomy":"product_tag","embeddable":true,"href":"https:\/\/paresbalta.stg.uzero.cat\/ca\/wp-json\/wp\/v2\/product_tag?post=5220"}],"curies":[{"name":"wp","href":"https:\/\/api.w.org\/{rel}","templated":true}]}}