{"id":5217,"date":"2022-05-06T14:30:59","date_gmt":"2022-05-06T14:30:59","guid":{"rendered":"https:\/\/paresbalta.com\/shop\/Sense%20categoria\/miel-de-romero-ecologica\/"},"modified":"2023-02-10T13:19:41","modified_gmt":"2023-02-10T12:19:41","slug":"mel-de-romani-ecologica","status":"publish","type":"product","link":"https:\/\/paresbalta.stg.uzero.cat\/ca\/botiga\/vi-ecologic-biodinamic\/mel\/mel-de-romani-ecologica\/","title":{"rendered":"Mel de Roman\u00ed Ecol\u00f2gica"},"content":{"rendered":"","protected":false},"excerpt":{"rendered":"<p>Les abelles produeixen aquesta mel al Parc Natural del Foix, on tenim ubicades les nostres vinyes. Durant la primavera, liben el n\u00e8ctar de les flors de roman\u00ed en plena floraci\u00f3 per elaborar una mel que destaca per les seves propietats: energ\u00e8tica, digestiva i un bon remei contra la grip gr\u00e0cies a les seves qualitats antis\u00e8ptiques i les vitamines i minerals que cont\u00e9. Tamb\u00e9 el roman\u00ed \u00e9s un arbust mediterrani molt conegut gr\u00e0cies als seus usos medicinals i culinaris.<\/p>\n<p>Aquesta mel ecol\u00f2gica, de color ambre molt clar, \u00e9s de sabor suau per\u00f2 arom\u00e0tic, amb una textura espessa que cristal\u00b7litza en un gra molt fi de color blanc, garantia que la mel no ha estat manipulada.<\/p>\n<p>\u00c9s ideal per preparar amidaments per amanides de fulles verdes i tamb\u00e9 com a endolcidor per\u00a0infusions.<\/p>\n<p>Paquet indivisible de 3 pots de\u00a0250gr&#8230;.<\/p>\n<p><a class=\"btn btn-secondary understrap-read-more-link\" href=\"https:\/\/paresbalta.stg.uzero.cat\/ca\/botiga\/vi-ecologic-biodinamic\/mel\/mel-de-romani-ecologica\/\">Llegeix m\u00e9s<span class=\"screen-reader-text\"> from Mel de Roman\u00ed Ecol\u00f2gica<\/span><\/a><\/p>\n","protected":false},"featured_media":2274,"template":"","meta":{"_acf_changed":false},"product_brand":[],"product_cat":[419],"product_tag":[420,421,422],"class_list":{"0":"post-5217","1":"product","2":"type-product","3":"status-publish","4":"has-post-thumbnail","6":"product_cat-mel","7":"product_tag-honey-ca","8":"product_tag-mel-ca","9":"product_tag-miel-ca","10":"product_shipping_class-std","11":"pa_altres-caracteristiques-pack-3-ca","12":"pa_anyada-2020-2-ca-2","14":"first","15":"instock","16":"taxable","17":"shipping-taxable","18":"purchasable","19":"product-type-simple"},"group_of_quantity":0,"min_quantity":0,"max_quantity":"","exclude_order_quantity_value_rules":"no","exclude_category_quantity_rules":"no","combine_variations":"no","exclude_global_add_ons":[],"addons":[],"acf":[],"_links":{"self":[{"href":"https:\/\/paresbalta.stg.uzero.cat\/ca\/wp-json\/wp\/v2\/product\/5217","targetHints":{"allow":["GET"]}}],"collection":[{"href":"https:\/\/paresbalta.stg.uzero.cat\/ca\/wp-json\/wp\/v2\/product"}],"about":[{"href":"https:\/\/paresbalta.stg.uzero.cat\/ca\/wp-json\/wp\/v2\/types\/product"}],"wp:featuredmedia":[{"embeddable":true,"href":"https:\/\/paresbalta.stg.uzero.cat\/ca\/wp-json\/wp\/v2\/media\/2274"}],"wp:attachment":[{"href":"https:\/\/paresbalta.stg.uzero.cat\/ca\/wp-json\/wp\/v2\/media?parent=5217"}],"wp:term":[{"taxonomy":"product_brand","embeddable":true,"href":"https:\/\/paresbalta.stg.uzero.cat\/ca\/wp-json\/wp\/v2\/product_brand?post=5217"},{"taxonomy":"product_cat","embeddable":true,"href":"https:\/\/paresbalta.stg.uzero.cat\/ca\/wp-json\/wp\/v2\/product_cat?post=5217"},{"taxonomy":"product_tag","embeddable":true,"href":"https:\/\/paresbalta.stg.uzero.cat\/ca\/wp-json\/wp\/v2\/product_tag?post=5217"}],"curies":[{"name":"wp","href":"https:\/\/api.w.org\/{rel}","templated":true}]}}