{"id":5210,"date":"2022-05-06T14:54:01","date_gmt":"2022-05-06T14:54:01","guid":{"rendered":"https:\/\/paresbalta.com\/shop\/Sense%20categoria\/vino-gv5\/"},"modified":"2024-01-02T18:11:28","modified_gmt":"2024-01-02T17:11:28","slug":"vi-negre-gv5-carinyena-garnatxa","status":"publish","type":"product","link":"https:\/\/paresbalta.stg.uzero.cat\/ca\/botiga\/gratavinum-priorat-ecologic-biodinamic\/vi-negre-gv5-carinyena-garnatxa\/","title":{"rendered":"GV5, Vi de Paratge"},"content":{"rendered":"","protected":false},"excerpt":{"rendered":"<h2>Priorat amb personalitat pr\u00f2pia<\/h2>\n<p>GRATAVINUM GV5 neix com la il\u00b7lusi\u00f3 de la fam\u00edlia Cusin\u00e9 per implantar-se a la reconeguda\u00a0 zona del Priorat per elaborar un vi de la m\u00e0xima qualitat.<\/p>\n<p>Amb el GV5 volem elaborar un vi amb personalitat pr\u00f2pia dins la zona, buscant un vi equilibrat, elegant, fi i afruitat, sense renunciar al car\u00e0cter amb el que el terroir marca els vins d\u2019aquesta regi\u00f3&#8230;.<\/p>\n<p><a class=\"btn btn-secondary understrap-read-more-link\" href=\"https:\/\/paresbalta.stg.uzero.cat\/ca\/botiga\/gratavinum-priorat-ecologic-biodinamic\/vi-negre-gv5-carinyena-garnatxa\/\">Llegeix m\u00e9s<span class=\"screen-reader-text\"> from GV5, Vi de Paratge<\/span><\/a><\/p>\n","protected":false},"featured_media":126512,"template":"","meta":{"_acf_changed":false},"product_brand":[],"product_cat":[398,589],"product_tag":[350],"class_list":{"0":"post-5210","1":"product","2":"type-product","3":"status-publish","4":"has-post-thumbnail","6":"product_cat-gratavinum-priorat-ecologic-biodinamic","7":"product_cat-ampolles","8":"product_tag-vinos-ca","9":"product_shipping_class-std","10":"pa_anyada-2021-ca-2","11":"pa_color-negre-es-ca","12":"pa_denominacio-dorigen-priorat-ca","13":"pa_mida-075l-es-ca","15":"first","16":"instock","17":"taxable","18":"shipping-taxable","19":"purchasable","20":"product-type-simple"},"group_of_quantity":6,"min_quantity":0,"max_quantity":"","exclude_order_quantity_value_rules":"no","exclude_category_quantity_rules":"no","combine_variations":"no","exclude_global_add_ons":[],"addons":[],"acf":[],"_links":{"self":[{"href":"https:\/\/paresbalta.stg.uzero.cat\/ca\/wp-json\/wp\/v2\/product\/5210","targetHints":{"allow":["GET"]}}],"collection":[{"href":"https:\/\/paresbalta.stg.uzero.cat\/ca\/wp-json\/wp\/v2\/product"}],"about":[{"href":"https:\/\/paresbalta.stg.uzero.cat\/ca\/wp-json\/wp\/v2\/types\/product"}],"wp:featuredmedia":[{"embeddable":true,"href":"https:\/\/paresbalta.stg.uzero.cat\/ca\/wp-json\/wp\/v2\/media\/126512"}],"wp:attachment":[{"href":"https:\/\/paresbalta.stg.uzero.cat\/ca\/wp-json\/wp\/v2\/media?parent=5210"}],"wp:term":[{"taxonomy":"product_brand","embeddable":true,"href":"https:\/\/paresbalta.stg.uzero.cat\/ca\/wp-json\/wp\/v2\/product_brand?post=5210"},{"taxonomy":"product_cat","embeddable":true,"href":"https:\/\/paresbalta.stg.uzero.cat\/ca\/wp-json\/wp\/v2\/product_cat?post=5210"},{"taxonomy":"product_tag","embeddable":true,"href":"https:\/\/paresbalta.stg.uzero.cat\/ca\/wp-json\/wp\/v2\/product_tag?post=5210"}],"curies":[{"name":"wp","href":"https:\/\/api.w.org\/{rel}","templated":true}]}}