{"id":5208,"date":"2022-05-10T08:47:30","date_gmt":"2022-05-10T08:47:30","guid":{"rendered":"https:\/\/paresbalta.com\/shop\/Sense%20categoria\/vino-de-postres-dolc-den-pique\/"},"modified":"2024-08-28T09:03:16","modified_gmt":"2024-08-28T07:03:16","slug":"vi-postres-dolc-pique","status":"publish","type":"product","link":"https:\/\/paresbalta.stg.uzero.cat\/ca\/botiga\/gratavinum-priorat-ecologic-biodinamic\/vi-postres-dolc-pique\/","title":{"rendered":"Dol\u00e7 d&#8217;en Piqu\u00e9"},"content":{"rendered":"","protected":false},"excerpt":{"rendered":"<h2><b>El nostre Priorat m\u00e9s dol\u00e7<\/b><\/h2>\n<p>Les extremes temperatures que s\u2019assoleixen a l\u2019estiu i les excepcionals caracter\u00edstiques del terroir concentren els ra\u00efms i permeten obtenir aquest magn\u00edfic vi negre dol\u00e7. Els ra\u00efms es sobremaduren naturalment fins al punt \u00f2ptim de verema. Posteriorment la fermentaci\u00f3 alcoh\u00f2lica s\u2019atura deixant els sucres residuals que donen a aquest vi el seu car\u00e0cter i suavitat en boca&#8230;.<\/p>\n<p><a class=\"btn btn-secondary understrap-read-more-link\" href=\"https:\/\/paresbalta.stg.uzero.cat\/ca\/botiga\/gratavinum-priorat-ecologic-biodinamic\/vi-postres-dolc-pique\/\">Llegeix m\u00e9s<span class=\"screen-reader-text\"> from Dol\u00e7 d&#8217;en Piqu\u00e9<\/span><\/a><\/p>\n","protected":false},"featured_media":2399,"template":"","meta":{"_acf_changed":false},"product_brand":[],"product_cat":[398,589],"product_tag":[350,401],"class_list":{"0":"post-5208","1":"product","2":"type-product","3":"status-publish","4":"has-post-thumbnail","6":"product_cat-gratavinum-priorat-ecologic-biodinamic","7":"product_cat-ampolles","8":"product_tag-vinos-ca","9":"product_tag-vinos-dulces-ca","10":"product_shipping_class-std","11":"pa_anyada-2019-3-ca","12":"pa_color-negre-es-ca","13":"pa_denominacio-dorigen-priorat-ca","14":"pa_mida-0375l-es-ca","16":"first","17":"instock","18":"taxable","19":"shipping-taxable","20":"purchasable","21":"product-type-simple"},"group_of_quantity":6,"min_quantity":0,"max_quantity":"","exclude_order_quantity_value_rules":"no","exclude_category_quantity_rules":"no","combine_variations":"no","exclude_global_add_ons":[],"addons":[],"acf":[],"_links":{"self":[{"href":"https:\/\/paresbalta.stg.uzero.cat\/ca\/wp-json\/wp\/v2\/product\/5208","targetHints":{"allow":["GET"]}}],"collection":[{"href":"https:\/\/paresbalta.stg.uzero.cat\/ca\/wp-json\/wp\/v2\/product"}],"about":[{"href":"https:\/\/paresbalta.stg.uzero.cat\/ca\/wp-json\/wp\/v2\/types\/product"}],"wp:featuredmedia":[{"embeddable":true,"href":"https:\/\/paresbalta.stg.uzero.cat\/ca\/wp-json\/wp\/v2\/media\/2399"}],"wp:attachment":[{"href":"https:\/\/paresbalta.stg.uzero.cat\/ca\/wp-json\/wp\/v2\/media?parent=5208"}],"wp:term":[{"taxonomy":"product_brand","embeddable":true,"href":"https:\/\/paresbalta.stg.uzero.cat\/ca\/wp-json\/wp\/v2\/product_brand?post=5208"},{"taxonomy":"product_cat","embeddable":true,"href":"https:\/\/paresbalta.stg.uzero.cat\/ca\/wp-json\/wp\/v2\/product_cat?post=5208"},{"taxonomy":"product_tag","embeddable":true,"href":"https:\/\/paresbalta.stg.uzero.cat\/ca\/wp-json\/wp\/v2\/product_tag?post=5208"}],"curies":[{"name":"wp","href":"https:\/\/api.w.org\/{rel}","templated":true}]}}