{"id":5205,"date":"2022-05-10T09:34:45","date_gmt":"2022-05-10T09:34:45","guid":{"rendered":"https:\/\/paresbalta.com\/shop\/Sense%20categoria\/aceite-de-oliva-virgen-extra\/"},"modified":"2025-01-02T15:17:53","modified_gmt":"2025-01-02T14:17:53","slug":"oli-verge-arbequina-ecologic","status":"publish","type":"product","link":"https:\/\/paresbalta.stg.uzero.cat\/ca\/botiga\/gratavinum-priorat-ecologic-biodinamic\/oli-oliva\/oli-verge-arbequina-ecologic\/","title":{"rendered":"Oli d&#8217;oliva Ecol\u00f2gic Verge Extra"},"content":{"rendered":"","protected":false},"excerpt":{"rendered":"<h2>Tradici\u00f3 mediterr\u00e0nia<\/h2>\n<p>L\u2019olivera i la vinya son dos dels referents de la cultura mediterr\u00e0nia. Sempre els hem trobat junts, b\u00e9 sigui damunt la terra sobre la que creixen o damunt la taula en el moment de gaudir-los. Motivats per la passi\u00f3 per lo natural i el convenciment dels beneficis que la dieta mediterr\u00e0nia aporta a la nostra alimentaci\u00f3, la fam\u00edlia Cusin\u00e9 vam decidir iniciar aquest projecte buscant l\u2019oli i la salut. Les olives que utilitzem com a mat\u00e8ria prima provenen de les oliveres ubicades a les nostres finques, on hist\u00f2ricament han compartit l\u2019espai amb la vinya. D\u2019aquestes escasses oliveres, conreades ecol\u00f2gicament, sorgeix la selecci\u00f3 d\u2019olives que ens permet elaborar aquesta reserva privada i que vol ser la nostra modesta aportaci\u00f3 a la mil\u00b7len\u00e0ria cultura mediterr\u00e0nia&#8230;.<\/p>\n<p><a class=\"btn btn-secondary understrap-read-more-link\" href=\"https:\/\/paresbalta.stg.uzero.cat\/ca\/botiga\/gratavinum-priorat-ecologic-biodinamic\/oli-oliva\/oli-verge-arbequina-ecologic\/\">Llegeix m\u00e9s<span class=\"screen-reader-text\"> from Oli d&#8217;oliva Ecol\u00f2gic Verge Extra<\/span><\/a><\/p>\n","protected":false},"featured_media":2413,"template":"","meta":{"_acf_changed":false},"product_brand":[],"product_cat":[386,589],"product_tag":[387,388,389,390],"class_list":{"0":"post-5205","1":"product","2":"type-product","3":"status-publish","4":"has-post-thumbnail","6":"product_cat-oli-oliva","7":"product_cat-ampolles","8":"product_tag-aceite-ca","9":"product_tag-arbequina-ca","10":"product_tag-oliva-ca","11":"product_tag-rojal-ca","12":"product_shipping_class-std","13":"pa_anyada-anyada-2024-cat","14":"pa_denominacio-dorigen-priorat-ca","15":"pa_mida-050l-es-ca","17":"first","18":"instock","19":"taxable","20":"shipping-taxable","21":"purchasable","22":"product-type-simple"},"group_of_quantity":6,"min_quantity":1,"max_quantity":"","exclude_order_quantity_value_rules":"no","exclude_category_quantity_rules":"no","combine_variations":"no","exclude_global_add_ons":[],"addons":[],"acf":[],"_links":{"self":[{"href":"https:\/\/paresbalta.stg.uzero.cat\/ca\/wp-json\/wp\/v2\/product\/5205","targetHints":{"allow":["GET"]}}],"collection":[{"href":"https:\/\/paresbalta.stg.uzero.cat\/ca\/wp-json\/wp\/v2\/product"}],"about":[{"href":"https:\/\/paresbalta.stg.uzero.cat\/ca\/wp-json\/wp\/v2\/types\/product"}],"wp:featuredmedia":[{"embeddable":true,"href":"https:\/\/paresbalta.stg.uzero.cat\/ca\/wp-json\/wp\/v2\/media\/2413"}],"wp:attachment":[{"href":"https:\/\/paresbalta.stg.uzero.cat\/ca\/wp-json\/wp\/v2\/media?parent=5205"}],"wp:term":[{"taxonomy":"product_brand","embeddable":true,"href":"https:\/\/paresbalta.stg.uzero.cat\/ca\/wp-json\/wp\/v2\/product_brand?post=5205"},{"taxonomy":"product_cat","embeddable":true,"href":"https:\/\/paresbalta.stg.uzero.cat\/ca\/wp-json\/wp\/v2\/product_cat?post=5205"},{"taxonomy":"product_tag","embeddable":true,"href":"https:\/\/paresbalta.stg.uzero.cat\/ca\/wp-json\/wp\/v2\/product_tag?post=5205"}],"curies":[{"name":"wp","href":"https:\/\/api.w.org\/{rel}","templated":true}]}}