{"id":5202,"date":"2022-05-10T09:42:44","date_gmt":"2022-05-10T09:42:44","guid":{"rendered":"https:\/\/paresbalta.com\/shop\/Sense%20categoria\/vino-rdr-tinto-fino\/"},"modified":"2022-07-05T13:54:47","modified_gmt":"2022-07-05T11:54:47","slug":"vi-negre-rdr-gran-reserva","status":"publish","type":"product","link":"https:\/\/paresbalta.stg.uzero.cat\/ca\/botiga\/dominio-romano-ribera-duero-ecologic-biodinamic\/vi-negre-rdr-gran-reserva\/","title":{"rendered":"RDR"},"content":{"rendered":"","protected":false},"excerpt":{"rendered":"<h2>El repte de Dominio Romano<\/h2>\n<p>Aquest vi ecol\u00f2gic de Tinto Fino reflecteix una expressi\u00f3 \u00fanica de &#8220;terroir&#8221;: la vinya de Lucio. A la zona m\u00e9s fresca de la Ribera del Duero trobem aquesta vinya de &#8220;terroir&#8221; incomparable: sorra blanca amb una capa de reble a la profunditat. Aquestes caracter\u00edstiques ens permeten obtenir un gra m\u00e9s petit i concentrat, ja que els ceps pateixen per trobar l&#8217;aigua necess\u00e0ria per sobreviure. &#8220;Terroir&#8221;, sorra, arrels, drenatge, contrast t\u00e8rmic, maduraci\u00f3, aroma, concentraci\u00f3&#8230; El Factor R&#8230;.<\/p>\n<p><a class=\"btn btn-secondary understrap-read-more-link\" href=\"https:\/\/paresbalta.stg.uzero.cat\/ca\/botiga\/dominio-romano-ribera-duero-ecologic-biodinamic\/vi-negre-rdr-gran-reserva\/\">Llegeix m\u00e9s<span class=\"screen-reader-text\"> from RDR<\/span><\/a><\/p>\n","protected":false},"featured_media":2427,"template":"","meta":{"_acf_changed":false},"product_brand":[],"product_cat":[349,589],"product_tag":[350],"class_list":{"0":"post-5202","1":"product","2":"type-product","3":"status-publish","4":"has-post-thumbnail","6":"product_cat-dominio-romano-ribera-duero-ecologic-biodinamic","7":"product_cat-ampolles","8":"product_tag-vinos-ca","9":"product_shipping_class-std","10":"pa_anyada-2018-2-ca","11":"pa_color-negre-es-ca","12":"pa_denominacio-dorigen-ribera-del-duero-ca","13":"pa_mida-075l-es-ca","15":"first","16":"instock","17":"taxable","18":"shipping-taxable","19":"purchasable","20":"product-type-simple"},"group_of_quantity":6,"min_quantity":0,"max_quantity":"","exclude_order_quantity_value_rules":"no","exclude_category_quantity_rules":"no","combine_variations":"no","exclude_global_add_ons":[],"addons":[],"acf":[],"_links":{"self":[{"href":"https:\/\/paresbalta.stg.uzero.cat\/ca\/wp-json\/wp\/v2\/product\/5202","targetHints":{"allow":["GET"]}}],"collection":[{"href":"https:\/\/paresbalta.stg.uzero.cat\/ca\/wp-json\/wp\/v2\/product"}],"about":[{"href":"https:\/\/paresbalta.stg.uzero.cat\/ca\/wp-json\/wp\/v2\/types\/product"}],"wp:featuredmedia":[{"embeddable":true,"href":"https:\/\/paresbalta.stg.uzero.cat\/ca\/wp-json\/wp\/v2\/media\/2427"}],"wp:attachment":[{"href":"https:\/\/paresbalta.stg.uzero.cat\/ca\/wp-json\/wp\/v2\/media?parent=5202"}],"wp:term":[{"taxonomy":"product_brand","embeddable":true,"href":"https:\/\/paresbalta.stg.uzero.cat\/ca\/wp-json\/wp\/v2\/product_brand?post=5202"},{"taxonomy":"product_cat","embeddable":true,"href":"https:\/\/paresbalta.stg.uzero.cat\/ca\/wp-json\/wp\/v2\/product_cat?post=5202"},{"taxonomy":"product_tag","embeddable":true,"href":"https:\/\/paresbalta.stg.uzero.cat\/ca\/wp-json\/wp\/v2\/product_tag?post=5202"}],"curies":[{"name":"wp","href":"https:\/\/api.w.org\/{rel}","templated":true}]}}