{"id":5200,"date":"2022-05-10T09:49:10","date_gmt":"2022-05-10T09:49:10","guid":{"rendered":"https:\/\/paresbalta.com\/shop\/Sense%20categoria\/vino-dominio-romano-tinto-fino\/"},"modified":"2023-10-09T13:55:56","modified_gmt":"2023-10-09T11:55:56","slug":"vi-negre-dominio-romano-crianca","status":"publish","type":"product","link":"https:\/\/paresbalta.stg.uzero.cat\/ca\/botiga\/dominio-romano-ribera-duero-ecologic-biodinamic\/vi-negre-dominio-romano-crianca\/","title":{"rendered":"Dominio Romano"},"content":{"rendered":"","protected":false},"excerpt":{"rendered":"<h2>Dominio Romano<\/h2>\n<p>Aquest vi ecol\u00f2gic, Dominio Romano, neix com un tribut als romans que van introduir la viticultura a la regi\u00f3 fa m\u00e9s de 2000 anys, amb un objectiu molt clar, transmetre el car\u00e0cter de la varietat &#8220;Tinto Fino&#8221; i els millors &#8220;terroirs&#8221; de la regi\u00f3 a la copa. Degustar un gran vi de la Ribera del Duero tamb\u00e9 \u00e9s beure hist\u00f2ria, una hist\u00f2ria que t\u00e9 les seves arrels de Dominio Romano&#8230;.<\/p>\n<p><a class=\"btn btn-secondary understrap-read-more-link\" href=\"https:\/\/paresbalta.stg.uzero.cat\/ca\/botiga\/dominio-romano-ribera-duero-ecologic-biodinamic\/vi-negre-dominio-romano-crianca\/\">Llegeix m\u00e9s<span class=\"screen-reader-text\"> from Dominio Romano<\/span><\/a><\/p>\n","protected":false},"featured_media":2434,"template":"","meta":{"_acf_changed":false},"product_brand":[],"product_cat":[349,589],"product_tag":[350],"class_list":{"0":"post-5200","1":"product","2":"type-product","3":"status-publish","4":"has-post-thumbnail","6":"product_cat-dominio-romano-ribera-duero-ecologic-biodinamic","7":"product_cat-ampolles","8":"product_tag-vinos-ca","9":"product_shipping_class-std","10":"pa_anyada-anyada-2017-es-ca","11":"pa_color-negre-es-ca","12":"pa_denominacio-dorigen-ribera-del-duero-ca","13":"pa_mida-075l-es-ca","15":"first","16":"instock","17":"taxable","18":"shipping-taxable","19":"purchasable","20":"product-type-simple"},"group_of_quantity":6,"min_quantity":0,"max_quantity":"","exclude_order_quantity_value_rules":"no","exclude_category_quantity_rules":"no","combine_variations":"no","exclude_global_add_ons":[],"addons":[],"acf":[],"_links":{"self":[{"href":"https:\/\/paresbalta.stg.uzero.cat\/ca\/wp-json\/wp\/v2\/product\/5200","targetHints":{"allow":["GET"]}}],"collection":[{"href":"https:\/\/paresbalta.stg.uzero.cat\/ca\/wp-json\/wp\/v2\/product"}],"about":[{"href":"https:\/\/paresbalta.stg.uzero.cat\/ca\/wp-json\/wp\/v2\/types\/product"}],"wp:featuredmedia":[{"embeddable":true,"href":"https:\/\/paresbalta.stg.uzero.cat\/ca\/wp-json\/wp\/v2\/media\/2434"}],"wp:attachment":[{"href":"https:\/\/paresbalta.stg.uzero.cat\/ca\/wp-json\/wp\/v2\/media?parent=5200"}],"wp:term":[{"taxonomy":"product_brand","embeddable":true,"href":"https:\/\/paresbalta.stg.uzero.cat\/ca\/wp-json\/wp\/v2\/product_brand?post=5200"},{"taxonomy":"product_cat","embeddable":true,"href":"https:\/\/paresbalta.stg.uzero.cat\/ca\/wp-json\/wp\/v2\/product_cat?post=5200"},{"taxonomy":"product_tag","embeddable":true,"href":"https:\/\/paresbalta.stg.uzero.cat\/ca\/wp-json\/wp\/v2\/product_tag?post=5200"}],"curies":[{"name":"wp","href":"https:\/\/api.w.org\/{rel}","templated":true}]}}