{"id":5198,"date":"2022-05-10T10:09:51","date_gmt":"2022-05-10T10:09:51","guid":{"rendered":"https:\/\/paresbalta.com\/shop\/Sense%20categoria\/vino-camino-romano-tinto-fino\/"},"modified":"2024-04-26T08:04:50","modified_gmt":"2024-04-26T06:04:50","slug":"camino-romano","status":"publish","type":"product","link":"https:\/\/paresbalta.stg.uzero.cat\/ca\/botiga\/dominio-romano-ribera-duero-ecologic-biodinamic\/camino-romano\/","title":{"rendered":"Camino Romano"},"content":{"rendered":"","protected":false},"excerpt":{"rendered":"<h2>Un tribut al car\u00e0cter m\u00e9s afruitat del Tinto Fino<\/h2>\n<p>Cerquem l\u2019expressi\u00f3 del ra\u00efm que prov\u00e9 d\u2019una rigorosa selecci\u00f3 de vinyes d\u2019entre 15 i 30 anys. L\u2019elaboraci\u00f3 pret\u00e9n extreure\u2019n el m\u00e0xim potencial arom\u00e0tic i elaborar aix\u00ed un vi equilibrat i suau per poder ser gaudit en qualsevol situaci\u00f3. Per aix\u00f2 ens ajudem de modernes t\u00e8cniques d\u2019extracci\u00f3, conegudes sota el nom de \u201ccold soaking\u201d, que hem anat perfeccionant fins aconseguir una bona extracci\u00f3 arom\u00e0tica i de color amb poca aportaci\u00f3 de tanins&#8230;.<\/p>\n<p><a class=\"btn btn-secondary understrap-read-more-link\" href=\"https:\/\/paresbalta.stg.uzero.cat\/ca\/botiga\/dominio-romano-ribera-duero-ecologic-biodinamic\/camino-romano\/\">Llegeix m\u00e9s<span class=\"screen-reader-text\"> from Camino Romano<\/span><\/a><\/p>\n","protected":false},"featured_media":2441,"template":"","meta":{"_acf_changed":false},"product_brand":[],"product_cat":[349,589],"product_tag":[350],"class_list":{"0":"post-5198","1":"product","2":"type-product","3":"status-publish","4":"has-post-thumbnail","6":"product_cat-dominio-romano-ribera-duero-ecologic-biodinamic","7":"product_cat-ampolles","8":"product_tag-vinos-ca","9":"product_shipping_class-std","10":"pa_anyada-2022-2-ca","11":"pa_color-negre-es-ca","12":"pa_denominacio-dorigen-ribera-del-duero-ca","13":"pa_mida-075l-es-ca","15":"first","16":"instock","17":"taxable","18":"shipping-taxable","19":"purchasable","20":"product-type-simple"},"group_of_quantity":6,"min_quantity":0,"max_quantity":"","exclude_order_quantity_value_rules":"no","exclude_category_quantity_rules":"no","combine_variations":"no","exclude_global_add_ons":[],"addons":[],"acf":[],"_links":{"self":[{"href":"https:\/\/paresbalta.stg.uzero.cat\/ca\/wp-json\/wp\/v2\/product\/5198","targetHints":{"allow":["GET"]}}],"collection":[{"href":"https:\/\/paresbalta.stg.uzero.cat\/ca\/wp-json\/wp\/v2\/product"}],"about":[{"href":"https:\/\/paresbalta.stg.uzero.cat\/ca\/wp-json\/wp\/v2\/types\/product"}],"wp:featuredmedia":[{"embeddable":true,"href":"https:\/\/paresbalta.stg.uzero.cat\/ca\/wp-json\/wp\/v2\/media\/2441"}],"wp:attachment":[{"href":"https:\/\/paresbalta.stg.uzero.cat\/ca\/wp-json\/wp\/v2\/media?parent=5198"}],"wp:term":[{"taxonomy":"product_brand","embeddable":true,"href":"https:\/\/paresbalta.stg.uzero.cat\/ca\/wp-json\/wp\/v2\/product_brand?post=5198"},{"taxonomy":"product_cat","embeddable":true,"href":"https:\/\/paresbalta.stg.uzero.cat\/ca\/wp-json\/wp\/v2\/product_cat?post=5198"},{"taxonomy":"product_tag","embeddable":true,"href":"https:\/\/paresbalta.stg.uzero.cat\/ca\/wp-json\/wp\/v2\/product_tag?post=5198"}],"curies":[{"name":"wp","href":"https:\/\/api.w.org\/{rel}","templated":true}]}}