{"id":203272,"date":"2024-04-02T09:44:18","date_gmt":"2024-04-02T07:44:18","guid":{"rendered":"https:\/\/paresbalta.com\/?post_type=product&#038;p=203272"},"modified":"2025-03-27T16:24:41","modified_gmt":"2025-03-27T15:24:41","slug":"la-cueva","status":"publish","type":"product","link":"https:\/\/paresbalta.stg.uzero.cat\/ca\/botiga\/dominio-romano-ribera-duero-ecologic-biodinamic\/la-cueva\/","title":{"rendered":"La Cueva"},"content":{"rendered":"","protected":false},"excerpt":{"rendered":"<h2>La Cueva<\/h2>\n<p>Dominio Romano va n\u00e9ixer com un tribut als romans que van introduir el cultiu de la vinya a la regi\u00f3 fa m\u00e9s de 2000 anys. Ara, amb La Cueva, girem la vista enrere, observant amb esperit curi\u00f3s per reaprendre l&#8217;oblidat i tornar als or\u00edgens, tornar a La Cueva&#8230;.<\/p>\n<p><a class=\"btn btn-secondary understrap-read-more-link\" href=\"https:\/\/paresbalta.stg.uzero.cat\/ca\/botiga\/dominio-romano-ribera-duero-ecologic-biodinamic\/la-cueva\/\">Llegeix m\u00e9s<span class=\"screen-reader-text\"> from La Cueva<\/span><\/a><\/p>\n","protected":false},"featured_media":203275,"template":"","meta":{"_acf_changed":false},"product_brand":[],"product_cat":[349,589],"product_tag":[350],"class_list":{"0":"post-203272","1":"product","2":"type-product","3":"status-publish","4":"has-post-thumbnail","6":"product_cat-dominio-romano-ribera-duero-ecologic-biodinamic","7":"product_cat-ampolles","8":"product_tag-vinos-ca","9":"product_shipping_class-std","10":"pa_anyada-2019-3-ca","11":"pa_color-negre-es-ca","12":"pa_denominacio-dorigen-ribera-del-duero-ca","13":"pa_mida-075l-es-ca","15":"first","16":"instock","17":"taxable","18":"shipping-taxable","19":"purchasable","20":"product-type-simple"},"group_of_quantity":6,"min_quantity":0,"max_quantity":"","exclude_order_quantity_value_rules":"no","exclude_category_quantity_rules":"no","combine_variations":"no","exclude_global_add_ons":[],"addons":[],"acf":[],"_links":{"self":[{"href":"https:\/\/paresbalta.stg.uzero.cat\/ca\/wp-json\/wp\/v2\/product\/203272","targetHints":{"allow":["GET"]}}],"collection":[{"href":"https:\/\/paresbalta.stg.uzero.cat\/ca\/wp-json\/wp\/v2\/product"}],"about":[{"href":"https:\/\/paresbalta.stg.uzero.cat\/ca\/wp-json\/wp\/v2\/types\/product"}],"wp:featuredmedia":[{"embeddable":true,"href":"https:\/\/paresbalta.stg.uzero.cat\/ca\/wp-json\/wp\/v2\/media\/203275"}],"wp:attachment":[{"href":"https:\/\/paresbalta.stg.uzero.cat\/ca\/wp-json\/wp\/v2\/media?parent=203272"}],"wp:term":[{"taxonomy":"product_brand","embeddable":true,"href":"https:\/\/paresbalta.stg.uzero.cat\/ca\/wp-json\/wp\/v2\/product_brand?post=203272"},{"taxonomy":"product_cat","embeddable":true,"href":"https:\/\/paresbalta.stg.uzero.cat\/ca\/wp-json\/wp\/v2\/product_cat?post=203272"},{"taxonomy":"product_tag","embeddable":true,"href":"https:\/\/paresbalta.stg.uzero.cat\/ca\/wp-json\/wp\/v2\/product_tag?post=203272"}],"curies":[{"name":"wp","href":"https:\/\/api.w.org\/{rel}","templated":true}]}}